{"id":1706,"date":"2023-06-23T11:18:19","date_gmt":"2023-06-23T08:18:19","guid":{"rendered":"https:\/\/eurostakles.lt\/?post_type=product&#038;p=1706"},"modified":"2023-06-23T11:37:06","modified_gmt":"2023-06-23T08:37:06","slug":"vienos-kolonos-vertikalios-tekinimo-stakles-su-3-ju-asiu-skaitmenine-indikacija","status":"publish","type":"product","link":"https:\/\/eurostakles.lt\/en\/product\/vienos-kolonos-vertikalios-tekinimo-stakles-su-3-ju-asiu-skaitmenine-indikacija\/","title":{"rendered":"Vienos kolonos vertikalios tekinimo stakl\u0117s (su 3-j\u0173 a\u0161i\u0173 skaitmenine indikacija)"},"content":{"rendered":"<p><strong>Technin\u0117 specifikacija:<\/strong><\/p>\n<p>&nbsp;<\/p>\n<table width=\"93%\">\n<tbody>\n<tr>\n<td width=\"22%\"><strong>Modelis<\/strong><\/td>\n<td width=\"20%\"><strong>VL5120S<\/strong><\/td>\n<td width=\"19%\"><strong>VL5123S<\/strong><\/td>\n<td width=\"19%\"><strong>VL5126S<\/strong><\/td>\n<td width=\"18%\"><strong>VL5132S<\/strong><\/td>\n<\/tr>\n<tr>\n<td width=\"22%\"><strong>Maks. apdirbimo skersmuo<\/strong><\/td>\n<td width=\"20%\">2000mm<\/td>\n<td width=\"19%\">2300mm<\/td>\n<td width=\"19%\">2600mm<\/td>\n<td width=\"18%\">3200mm<\/td>\n<\/tr>\n<tr>\n<td width=\"22%\"><strong>Maks. darbinis auk\u0161tis<\/strong><\/p>\n<p>&nbsp;<\/td>\n<td width=\"20%\">1000\/<\/p>\n<p>1200mm<\/td>\n<td width=\"19%\">1350\/1600\/<\/p>\n<p>1800mm<\/td>\n<td width=\"19%\">1500\/<\/p>\n<p>1800mm<\/td>\n<td width=\"18%\">1600\/<\/p>\n<p>1800mm<\/td>\n<\/tr>\n<tr>\n<td width=\"22%\"><strong>Maks. ruo\u0161inio svoris<\/strong><\/p>\n<p>&nbsp;<\/td>\n<td width=\"20%\">8t<\/td>\n<td width=\"19%\">8t<\/td>\n<td width=\"19%\">10t<\/td>\n<td width=\"18%\">10\/30t<\/td>\n<\/tr>\n<tr>\n<td width=\"22%\"><strong>Stalo skersmuo<\/strong><\/td>\n<td width=\"20%\">1800mm<\/td>\n<td width=\"19%\">2000mm<\/td>\n<td width=\"19%\">2300mm<\/td>\n<td width=\"18%\">2830mm<\/td>\n<\/tr>\n<tr>\n<td width=\"22%\"><strong>Stalo grei\u010dio diapazonas<br \/>\n<\/strong><\/td>\n<td width=\"20%\">3.5~110<\/p>\n<p>r\/min<\/td>\n<td width=\"19%\">2.5~80<\/p>\n<p>r\/min<\/td>\n<td width=\"19%\">1.4-45<\/p>\n<p>r\/min<\/td>\n<td width=\"18%\">0.5-63<\/p>\n<p>r\/min<\/td>\n<\/tr>\n<tr>\n<td width=\"22%\"><strong>Stalo grei\u010dio \u017eingsnia<\/strong><\/td>\n<td width=\"20%\">16<\/td>\n<td width=\"19%\">16<\/td>\n<td width=\"19%\">16<\/td>\n<td width=\"18%\">2 bepakop\u0117s pavaros<\/td>\n<\/tr>\n<tr>\n<td width=\"22%\"><strong>Horizontali eiga (kreipian\u010diuj\u0173)<br \/>\n<\/strong><\/td>\n<td width=\"20%\">1050mm<\/td>\n<td width=\"19%\">1150mm<\/td>\n<td width=\"19%\">1300mm<\/td>\n<td width=\"18%\">1800mm<\/td>\n<\/tr>\n<tr>\n<td width=\"22%\"><strong>Vertikali eiga (kreipian\u010diuj\u0173)<br \/>\n<\/strong><\/td>\n<td width=\"20%\">800(turret)<\/p>\n<p>1000(ram)<\/td>\n<td width=\"19%\">800(turret)<\/p>\n<p>1000(ram)<\/td>\n<td width=\"19%\">1000mm<\/td>\n<td width=\"18%\">1000mm<\/td>\n<\/tr>\n<tr>\n<td width=\"22%\"><strong>Horizontali eiga (\u0161onin\u0117s galvut\u0117s)<\/strong><\/td>\n<td width=\"20%\">630mm<\/td>\n<td width=\"19%\">630mm<\/td>\n<td width=\"19%\">730mm<\/td>\n<td width=\"18%\"><\/td>\n<\/tr>\n<tr>\n<td width=\"22%\"><strong>Vertikali eiga (\u0161onin\u0117s galvut\u0117s)<\/strong><\/td>\n<td width=\"20%\">1150mm<\/td>\n<td width=\"19%\">1150mm<\/td>\n<td width=\"19%\">1180mm<\/td>\n<td width=\"18%\"><\/td>\n<\/tr>\n<tr>\n<td width=\"22%\"><strong>Skersin\u0117s eiga<\/strong><\/td>\n<td width=\"20%\">850\/<\/p>\n<p>1050mm<\/td>\n<td width=\"19%\">1000\/1250\/<\/p>\n<p>1450mm<\/td>\n<td width=\"19%\">1100\/<\/p>\n<p>1400mm<\/td>\n<td width=\"18%\">1300\/<\/p>\n<p>1500mm<\/td>\n<\/tr>\n<tr>\n<td width=\"22%\"><strong>Svyravimo kampas<br \/>\n<\/strong><\/td>\n<td width=\"20%\">\u00b130\u00b0<\/td>\n<td width=\"19%\">\u00b130\u00b0<\/td>\n<td width=\"19%\">\u00b130\u00b0<\/td>\n<td width=\"18%\">\u00b130\u00b0<\/td>\n<\/tr>\n<tr>\n<td width=\"22%\"><strong>Padavimo diapazonas<br \/>\n<\/strong><\/td>\n<td width=\"20%\">0.8~86<\/p>\n<p>mm\/min<\/td>\n<td width=\"19%\">0.8~86<\/p>\n<p>mm\/min<\/td>\n<td width=\"19%\">0.8~86<\/p>\n<p>mm\/min<\/td>\n<td width=\"18%\">0.8~86<\/p>\n<p>mm\/min<\/td>\n<\/tr>\n<tr>\n<td width=\"22%\"><strong>Spartus eigos greitis<\/strong><\/td>\n<td width=\"20%\">1800<\/p>\n<p>mm\/min<\/td>\n<td width=\"19%\">1800<\/p>\n<p>mm\/min<\/td>\n<td width=\"19%\">1800<\/p>\n<p>mm\/min<\/td>\n<td width=\"18%\">1800<\/p>\n<p>mm\/min<\/td>\n<\/tr>\n<tr>\n<td width=\"22%\"><strong>Skersin\u0117s eigos greitis<br \/>\n<\/strong><\/td>\n<td width=\"20%\">440<\/p>\n<p>mm\/min<\/td>\n<td width=\"19%\">440<\/p>\n<p>mm\/min<\/td>\n<td width=\"19%\">440<\/p>\n<p>mm\/min<\/td>\n<td width=\"18%\">440<\/p>\n<p>mm\/min<\/td>\n<\/tr>\n<tr>\n<td width=\"22%\"><strong>Padavimo variklio galia<br \/>\n<\/strong><\/td>\n<td width=\"20%\">1.3\/1.8kW<\/td>\n<td width=\"19%\">1.3\/1.8kW<\/td>\n<td width=\"19%\">1 3\/1.kW<\/td>\n<td width=\"18%\">1.3\/1.8kW<\/td>\n<\/tr>\n<tr>\n<td width=\"22%\"><strong>Pagrindinio variklio galia<br \/>\n<\/strong><\/td>\n<td width=\"20%\">30kW<\/td>\n<td width=\"19%\">30kW<\/td>\n<td width=\"19%\">37kW<\/td>\n<td width=\"18%\">55\/75kW<\/td>\n<\/tr>\n<tr>\n<td width=\"22%\"><strong>Bendras svoris<br \/>\n<\/strong><\/td>\n<td width=\"20%\">15t<\/td>\n<td width=\"19%\">18t<\/td>\n<td width=\"19%\">22t<\/td>\n<td width=\"18%\">30t<\/td>\n<\/tr>\n<\/tbody>\n<\/table>\n<p>&nbsp;<\/p>","protected":false},"excerpt":{"rendered":"<p>Technin\u0117 specifikacija: &nbsp; Modelis VL5120S VL5123S VL5126S VL5132S Maks. apdirbimo skersmuo 2000mm 2300mm 2600mm 3200mm Maks. darbinis auk\u0161tis &nbsp; 1000\/ 1200mm 1350\/1600\/ 1800mm 1500\/ 1800mm 1600\/ 1800mm Maks. ruo\u0161inio svoris &nbsp; 8t 8t 10t 10\/30t Stalo skersmuo 1800mm 2000mm 2300mm 2830mm Stalo grei\u010dio diapazonas 3.5~110 r\/min 2.5~80 r\/min 1.4-45 r\/min 0.5-63 r\/min Stalo grei\u010dio \u017eingsnia [&hellip;]<\/p>\n","protected":false},"featured_media":1708,"comment_status":"open","ping_status":"closed","template":"","meta":{"ocean_post_layout":"","ocean_both_sidebars_style":"","ocean_both_sidebars_content_width":0,"ocean_both_sidebars_sidebars_width":0,"ocean_sidebar":"0","ocean_second_sidebar":"0","ocean_disable_margins":"enable","ocean_add_body_class":"","ocean_shortcode_before_top_bar":"","ocean_shortcode_after_top_bar":"","ocean_shortcode_before_header":"","ocean_shortcode_after_header":"","ocean_has_shortcode":"","ocean_shortcode_after_title":"","ocean_shortcode_before_footer_widgets":"","ocean_shortcode_after_footer_widgets":"","ocean_shortcode_before_footer_bottom":"","ocean_shortcode_after_footer_bottom":"","ocean_display_top_bar":"default","ocean_display_header":"default","ocean_header_style":"","ocean_center_header_left_menu":"0","ocean_custom_header_template":"0","ocean_custom_logo":0,"ocean_custom_retina_logo":0,"ocean_custom_logo_max_width":0,"ocean_custom_logo_tablet_max_width":0,"ocean_custom_logo_mobile_max_width":0,"ocean_custom_logo_max_height":0,"ocean_custom_logo_tablet_max_height":0,"ocean_custom_logo_mobile_max_height":0,"ocean_header_custom_menu":"0","ocean_menu_typo_font_family":"0","ocean_menu_typo_font_subset":"","ocean_menu_typo_font_size":0,"ocean_menu_typo_font_size_tablet":0,"ocean_menu_typo_font_size_mobile":0,"ocean_menu_typo_font_size_unit":"px","ocean_menu_typo_font_weight":"","ocean_menu_typo_font_weight_tablet":"","ocean_menu_typo_font_weight_mobile":"","ocean_menu_typo_transform":"","ocean_menu_typo_transform_tablet":"","ocean_menu_typo_transform_mobile":"","ocean_menu_typo_line_height":0,"ocean_menu_typo_line_height_tablet":0,"ocean_menu_typo_line_height_mobile":0,"ocean_menu_typo_line_height_unit":"","ocean_menu_typo_spacing":0,"ocean_menu_typo_spacing_tablet":0,"ocean_menu_typo_spacing_mobile":0,"ocean_menu_typo_spacing_unit":"","ocean_menu_link_color":"","ocean_menu_link_color_hover":"","ocean_menu_link_color_active":"","ocean_menu_link_background":"","ocean_menu_link_hover_background":"","ocean_menu_link_active_background":"","ocean_menu_social_links_bg":"","ocean_menu_social_hover_links_bg":"","ocean_menu_social_links_color":"","ocean_menu_social_hover_links_color":"","ocean_disable_title":"default","ocean_disable_heading":"default","ocean_post_title":"","ocean_post_subheading":"","ocean_post_title_style":"","ocean_post_title_background_color":"","ocean_post_title_background":0,"ocean_post_title_bg_image_position":"","ocean_post_title_bg_image_attachment":"","ocean_post_title_bg_image_repeat":"","ocean_post_title_bg_image_size":"","ocean_post_title_height":0,"ocean_post_title_bg_overlay":0.5,"ocean_post_title_bg_overlay_color":"","ocean_disable_breadcrumbs":"default","ocean_breadcrumbs_color":"","ocean_breadcrumbs_separator_color":"","ocean_breadcrumbs_links_color":"","ocean_breadcrumbs_links_hover_color":"","ocean_display_footer_widgets":"default","ocean_display_footer_bottom":"default","ocean_custom_footer_template":"0"},"product_brand":[],"product_cat":[69,67],"product_tag":[],"class_list":{"0":"post-1706","1":"product","2":"type-product","3":"status-publish","4":"has-post-thumbnail","6":"product_cat-vertikalios","7":"product_cat-metalo-tekinimo-stakles","9":"entry","10":"has-media","12":"first","13":"instock","14":"shipping-taxable","15":"product-type-simple","16":"has-product-nav","17":"col","18":"span_1_of_4","19":"owp-content-center","20":"owp-thumbs-layout-horizontal","21":"owp-btn-normal","22":"owp-tabs-layout-horizontal"},"aioseo_notices":[],"_links":{"self":[{"href":"https:\/\/eurostakles.lt\/en\/wp-json\/wp\/v2\/product\/1706","targetHints":{"allow":["GET"]}}],"collection":[{"href":"https:\/\/eurostakles.lt\/en\/wp-json\/wp\/v2\/product"}],"about":[{"href":"https:\/\/eurostakles.lt\/en\/wp-json\/wp\/v2\/types\/product"}],"replies":[{"embeddable":true,"href":"https:\/\/eurostakles.lt\/en\/wp-json\/wp\/v2\/comments?post=1706"}],"version-history":[{"count":1,"href":"https:\/\/eurostakles.lt\/en\/wp-json\/wp\/v2\/product\/1706\/revisions"}],"predecessor-version":[{"id":1714,"href":"https:\/\/eurostakles.lt\/en\/wp-json\/wp\/v2\/product\/1706\/revisions\/1714"}],"wp:featuredmedia":[{"embeddable":true,"href":"https:\/\/eurostakles.lt\/en\/wp-json\/wp\/v2\/media\/1708"}],"wp:attachment":[{"href":"https:\/\/eurostakles.lt\/en\/wp-json\/wp\/v2\/media?parent=1706"}],"wp:term":[{"taxonomy":"product_brand","embeddable":true,"href":"https:\/\/eurostakles.lt\/en\/wp-json\/wp\/v2\/product_brand?post=1706"},{"taxonomy":"product_cat","embeddable":true,"href":"https:\/\/eurostakles.lt\/en\/wp-json\/wp\/v2\/product_cat?post=1706"},{"taxonomy":"product_tag","embeddable":true,"href":"https:\/\/eurostakles.lt\/en\/wp-json\/wp\/v2\/product_tag?post=1706"}],"curies":[{"name":"wp","href":"https:\/\/api.w.org\/{rel}","templated":true}]}}